{"id":1276,"date":"2021-12-02T12:36:16","date_gmt":"2021-12-02T10:36:16","guid":{"rendered":"https:\/\/akti-s.gr\/facilities\/"},"modified":"2022-01-24T13:52:48","modified_gmt":"2022-01-24T11:52:48","slug":"amenities","status":"publish","type":"page","link":"https:\/\/akti-s.gr\/ro\/amenities\/","title":{"rendered":"Amenities"},"content":{"rendered":"<div id=\"#list-of-amenties\" class=\"fusion-container-anchor\"><div class=\"fusion-fullwidth fullwidth-box fusion-builder-row-1 fusion-flex-container nonhundred-percent-fullwidth non-hundred-percent-height-scrolling\" style=\"--awb-border-radius-top-left:0px;--awb-border-radius-top-right:0px;--awb-border-radius-bottom-right:0px;--awb-border-radius-bottom-left:0px;--awb-flex-wrap:wrap;\" ><div class=\"fusion-builder-row fusion-row fusion-flex-align-items-flex-start fusion-flex-content-wrap\" style=\"max-width:calc( 960px + );margin-left: calc(- \/ 2 );margin-right: calc(- \/ 2 );\"><div class=\"fusion-layout-column fusion_builder_column fusion-builder-column-0 fusion_builder_column_1_1 1_1 fusion-flex-column\" style=\"--awb-bg-size:cover;--awb-width-large:100%;--awb-margin-top-large:0px;--awb-margin-bottom-large:20px;--awb-width-medium:100%;--awb-order-medium:0;--awb-width-small:100%;--awb-order-small:0;\"><div class=\"fusion-column-wrapper fusion-column-has-shadow fusion-flex-justify-content-flex-start fusion-content-layout-column\"><div class=\"fusion-text fusion-text-1\" style=\"--awb-text-transform:none;\"><h3 style=\"text-align: center;\"><span style=\"color: #7aa218;\">Lista complet\u0103 a facilit\u0103\u021bilor noastre<\/span><\/h3>\n<\/div><\/div><\/div><div class=\"fusion-layout-column fusion_builder_column fusion-builder-column-1 fusion_builder_column_1_2 1_2 fusion-flex-column\" style=\"--awb-bg-size:cover;--awb-width-large:50%;--awb-margin-top-large:0px;--awb-margin-bottom-large:20px;--awb-width-medium:50%;--awb-order-medium:0;--awb-width-small:50%;--awb-order-small:0;\"><div class=\"fusion-column-wrapper fusion-column-has-shadow fusion-flex-justify-content-flex-start fusion-content-layout-column\"><div class=\"fusion-text fusion-text-2\" style=\"--awb-text-transform:none;\"><ul class=\"list_dots bordered\">\n<li>sistem de aer condi\u0163onat<\/li>\n<li>Ap\u0103 cald\u0103 24\/24<\/li>\n<li>Wi-Fi gratuit at\u00e2t \u00een incinta hotelului c\u00e2t \u015fi afar\u0103<\/li>\n<li>Buc\u0103t\u0103rie echipat\u0103<\/li>\n<li>Paturi duble<\/li>\n<li>Acces la ma\u015fin\u0103 de sp\u0103lat<\/li>\n<li>Se poate pune la dispozi\u0163ie scaun cu rotile pentru persoanele cu handicap motor<\/li>\n<li>Punct farmaceutic<\/li>\n<li>\u0162arc pentru copii (la cerere)<\/li>\n<li>Loc de joac\u0103 pentru copii<\/li>\n<\/ul>\n<\/div><\/div><\/div><div class=\"fusion-layout-column fusion_builder_column fusion-builder-column-2 fusion_builder_column_1_2 1_2 fusion-flex-column\" style=\"--awb-bg-size:cover;--awb-width-large:50%;--awb-margin-top-large:0px;--awb-margin-bottom-large:20px;--awb-width-medium:50%;--awb-order-medium:0;--awb-width-small:50%;--awb-order-small:0;\"><div class=\"fusion-column-wrapper fusion-column-has-shadow fusion-flex-justify-content-flex-start fusion-content-layout-column\"><div class=\"fusion-text fusion-text-3\" style=\"--awb-text-transform:none;\"><ul class=\"list_dots bordered\">\n<li>televizor LCD<\/li>\n<li>sat tv<\/li>\n<li>sistem DVD-CD<\/li>\n<li>Plit\u0103 electric\u0103 \u015fi cuptor<\/li>\n<li>Frigider<\/li>\n<li>Usc\u0103tor de p\u0103r<\/li>\n<li>Balcon cu mas\u0103 \u015fi scaune<\/li>\n<li>Du\u015f extern<\/li>\n<li>BBQ<\/li>\n<li>Parcare gratuit\u0103<\/li>\n<\/ul>\n<\/div><\/div><\/div><div class=\"fusion-layout-column fusion_builder_column fusion-builder-column-3 fusion_builder_column_1_1 1_1 fusion-flex-column\" style=\"--awb-bg-size:cover;--awb-width-large:100%;--awb-margin-top-large:0px;--awb-margin-bottom-large:20px;--awb-width-medium:100%;--awb-order-medium:0;--awb-width-small:100%;--awb-order-small:0;\"><div class=\"fusion-column-wrapper fusion-column-has-shadow fusion-flex-justify-content-flex-start fusion-content-layout-column\"><div class=\"fusion-text fusion-text-4\" style=\"--awb-text-transform:none;\"><div class=\"fusion-text fusion-text-4\" style=\"--awb-text-transform:none;\"><\/div>\n<blockquote>\n<p><img decoding=\"async\" class=\"size-full wp-image-533 aligncenter\" src=\"https:\/\/akti-s.gr\/wp-content\/uploads\/2021\/12\/Blue-flag.png\" alt=\"Clean waters. Blue flag\" width=\"160\" height=\"118\" \/><\/p>\n<h3 style=\"text-align: center;\">Clean waters having Blue flag<\/h3>\n<\/blockquote>\n<\/div><\/div><\/div><\/div><\/div><\/div>\n\n","protected":false},"excerpt":{"rendered":"","protected":false},"author":1,"featured_media":1243,"parent":0,"menu_order":0,"comment_status":"closed","ping_status":"closed","template":"","meta":{"footnotes":""},"class_list":["post-1276","page","type-page","status-publish","has-post-thumbnail","hentry"],"_links":{"self":[{"href":"https:\/\/akti-s.gr\/ro\/wp-json\/wp\/v2\/pages\/1276","targetHints":{"allow":["GET"]}}],"collection":[{"href":"https:\/\/akti-s.gr\/ro\/wp-json\/wp\/v2\/pages"}],"about":[{"href":"https:\/\/akti-s.gr\/ro\/wp-json\/wp\/v2\/types\/page"}],"author":[{"embeddable":true,"href":"https:\/\/akti-s.gr\/ro\/wp-json\/wp\/v2\/users\/1"}],"replies":[{"embeddable":true,"href":"https:\/\/akti-s.gr\/ro\/wp-json\/wp\/v2\/comments?post=1276"}],"version-history":[{"count":0,"href":"https:\/\/akti-s.gr\/ro\/wp-json\/wp\/v2\/pages\/1276\/revisions"}],"wp:featuredmedia":[{"embeddable":true,"href":"https:\/\/akti-s.gr\/ro\/wp-json\/wp\/v2\/media\/1243"}],"wp:attachment":[{"href":"https:\/\/akti-s.gr\/ro\/wp-json\/wp\/v2\/media?parent=1276"}],"curies":[{"name":"wp","href":"https:\/\/api.w.org\/{rel}","templated":true}]}}