{"id":1252,"date":"2021-12-02T12:35:02","date_gmt":"2021-12-02T10:35:02","guid":{"rendered":"https:\/\/akti-s.gr\/akti-s\/"},"modified":"2021-12-03T15:57:53","modified_gmt":"2021-12-03T13:57:53","slug":"akti-s","status":"publish","type":"page","link":"https:\/\/akti-s.gr\/ro\/akti-s\/","title":{"rendered":"Akti-S"},"content":{"rendered":"<p><div id=\"list-of-amenities\" class=\"fusion-container-anchor\"><div class=\"fusion-fullwidth fullwidth-box fusion-builder-row-1 fusion-flex-container nonhundred-percent-fullwidth non-hundred-percent-height-scrolling\" style=\"--awb-border-radius-top-left:0px;--awb-border-radius-top-right:0px;--awb-border-radius-bottom-right:0px;--awb-border-radius-bottom-left:0px;--awb-flex-wrap:wrap;\" ><div class=\"fusion-builder-row fusion-row fusion-flex-align-items-flex-start fusion-flex-content-wrap\" style=\"max-width:calc( 960px + );margin-left: calc(- \/ 2 );margin-right: calc(- \/ 2 );\"><div class=\"fusion-layout-column fusion_builder_column fusion-builder-column-0 fusion_builder_column_1_1 1_1 fusion-flex-column\" style=\"--awb-bg-size:cover;--awb-width-large:100%;--awb-margin-top-large:0px;--awb-margin-bottom-large:0px;--awb-width-medium:100%;--awb-width-small:100%;\"><div class=\"fusion-column-wrapper fusion-flex-justify-content-flex-start fusion-content-layout-column\"><div class=\"fusion-text fusion-text-1\" style=\"--awb-text-transform:none;\"><h3>\u00a0<div class=\"fusion-fa-align-left\"><i class=\"fb-icon-element-1 fb-icon-element fontawesome-icon fa-angle-right fas circle-no\" style=\"--awb-iconcolor:#7aa218;--awb-iconcolor-hover:#7aa218;--awb-font-size:30px;--awb-margin-right:2%;\"><\/i><\/div> Akti-S: Destinacija za pravi odmor!<\/h3>\n<hr style=\"color: #82a62b; border-size: 1px; border-style: dotted;\" \/>\n<p>Na jednom od najlep\u0161ih poluostrva Mediterana, na Halkidikiju, sme\u0161ten je hotel \u201cAkti Salonikiou\u201d. Hotel dominira na istoimenoj obali- Akti Salonikiou, na drugom prstu Halkidikija, Sitoniji, \u0441\u0430\u043c\u043e 80 \u043c\u0435\u0442\u0430\u0440\u0430 \u043e\u0434 \u043c\u043e\u0440\u0430!<\/p>\n<p>Gostoljubiv I pun topline, nalazi se pored predivne obale koja ima plavu zastavu za \u010disto\u0107u mora.<\/p>\n<p>Vrt pun zelenila i hlada, sme\u0161taj, prostor za razne aktivnosti I prostrane sobe, o\u010daravaju\u0107i pogled na more, laka pristupa\u010dnost I more izuzetne \u010disto\u0107e I kvaliteta: U hotelu \u201cAkti Salonikiou\u201d imamo sve ono \u0161to vam treba za nezaboravan odmor.<\/p>\n<h3 style=\"text-align: center;\"><span style=\"color: #82a62b;\">Va\u0161 odmor je na\u0161a destinacija.<\/span><br \/>\n<span style=\"color: #82a62b;\">A mi smo va\u0161a destinacija.<\/span><\/h3>\n<hr style=\"color: #82a62b; border-size: 1px; border-style: dotted;\" \/>\n<\/div><\/div><\/div><\/div><\/div><\/div><div id=\"#list-of-amenties\" class=\"fusion-container-anchor\"><div class=\"fusion-fullwidth fullwidth-box fusion-builder-row-2 fusion-flex-container nonhundred-percent-fullwidth non-hundred-percent-height-scrolling\" style=\"--awb-border-radius-top-left:0px;--awb-border-radius-top-right:0px;--awb-border-radius-bottom-right:0px;--awb-border-radius-bottom-left:0px;--awb-flex-wrap:wrap;\" ><div class=\"fusion-builder-row fusion-row fusion-flex-align-items-flex-start fusion-flex-content-wrap\" style=\"max-width:calc( 960px + );margin-left: calc(- \/ 2 );margin-right: calc(- \/ 2 );\"><div class=\"fusion-layout-column fusion_builder_column fusion-builder-column-1 fusion_builder_column_1_1 1_1 fusion-flex-column\" style=\"--awb-bg-size:cover;--awb-width-large:100%;--awb-margin-top-large:0px;--awb-margin-bottom-large:20px;--awb-width-medium:100%;--awb-order-medium:0;--awb-width-small:100%;--awb-order-small:0;\"><div class=\"fusion-column-wrapper fusion-column-has-shadow fusion-flex-justify-content-flex-start fusion-content-layout-column\"><div class=\"fusion-text fusion-text-2\" style=\"--awb-text-transform:none;\"><h3 style=\"text-align: center;\"><span style=\"color: #7aa218;\">Lista complet\u0103 a facilit\u0103\u021bilor noastre<\/span><\/h3>\n<\/div><\/div><\/div><div class=\"fusion-layout-column fusion_builder_column fusion-builder-column-2 fusion_builder_column_1_2 1_2 fusion-flex-column\" style=\"--awb-bg-size:cover;--awb-width-large:50%;--awb-margin-top-large:0px;--awb-margin-bottom-large:20px;--awb-width-medium:50%;--awb-order-medium:0;--awb-width-small:50%;--awb-order-small:0;\"><div class=\"fusion-column-wrapper fusion-column-has-shadow fusion-flex-justify-content-flex-start fusion-content-layout-column\"><div class=\"fusion-text fusion-text-3\" style=\"--awb-text-transform:none;\"><ul class=\"list_dots bordered\">\n<li>sistem de aer condi\u0163onat<\/li>\n<li>Ap\u0103 cald\u0103 24\/24<\/li>\n<li>Wi-Fi gratuit at\u00e2t \u00een incinta hotelului c\u00e2t \u015fi afar\u0103<\/li>\n<li>Buc\u0103t\u0103rie echipat\u0103<\/li>\n<li>Paturi duble<\/li>\n<li>Acces la ma\u015fin\u0103 de sp\u0103lat<\/li>\n<li>Se poate pune la dispozi\u0163ie scaun cu rotile pentru persoanele cu handicap motor<\/li>\n<li>Punct farmaceutic<\/li>\n<li>\u0162arc pentru copii (la cerere)<\/li>\n<li>Loc de joac\u0103 pentru copii<\/li>\n<\/ul>\n<\/div><\/div><\/div><div class=\"fusion-layout-column fusion_builder_column fusion-builder-column-3 fusion_builder_column_1_2 1_2 fusion-flex-column\" style=\"--awb-bg-size:cover;--awb-width-large:50%;--awb-margin-top-large:0px;--awb-margin-bottom-large:20px;--awb-width-medium:50%;--awb-order-medium:0;--awb-width-small:50%;--awb-order-small:0;\"><div class=\"fusion-column-wrapper fusion-column-has-shadow fusion-flex-justify-content-flex-start fusion-content-layout-column\"><div class=\"fusion-text fusion-text-4\" style=\"--awb-text-transform:none;\"><ul class=\"list_dots bordered\">\n<li>televizor LCD<\/li>\n<li>sat tv<\/li>\n<li>sistem DVD-CD<\/li>\n<li>Plit\u0103 electric\u0103 \u015fi cuptor<\/li>\n<li>Frigider<\/li>\n<li>Usc\u0103tor de p\u0103r<\/li>\n<li>Balcon cu mas\u0103 \u015fi scaune<\/li>\n<li>Du\u015f extern<\/li>\n<li>BBQ<\/li>\n<li>Parcare gratuit\u0103<\/li>\n<\/ul>\n<\/div><\/div><\/div><div class=\"fusion-layout-column fusion_builder_column fusion-builder-column-4 fusion_builder_column_1_1 1_1 fusion-flex-column\" style=\"--awb-bg-size:cover;--awb-width-large:100%;--awb-margin-top-large:0px;--awb-margin-bottom-large:20px;--awb-width-medium:100%;--awb-order-medium:0;--awb-width-small:100%;--awb-order-small:0;\"><div class=\"fusion-column-wrapper fusion-column-has-shadow fusion-flex-justify-content-flex-start fusion-content-layout-column\"><div class=\"fusion-text fusion-text-5\" style=\"--awb-text-transform:none;\"><div class=\"fusion-text fusion-text-5\" style=\"--awb-text-transform:none;\"><\/div>\n<blockquote>\n<p><img decoding=\"async\" class=\"size-full wp-image-533 aligncenter\" src=\"https:\/\/akti-s.gr\/wp-content\/uploads\/2021\/12\/Blue-flag.png\" alt=\"Clean waters. Blue flag\" width=\"160\" height=\"118\" \/><\/p>\n<h3 style=\"text-align: center;\">Clean waters having Blue flag<\/h3>\n<\/blockquote>\n<\/div><\/div><\/div><\/div><\/div><\/div>\n<div class=\"fusion-fullwidth fullwidth-box fusion-builder-row-3 fusion-flex-container nonhundred-percent-fullwidth non-hundred-percent-height-scrolling\" style=\"--awb-border-radius-top-left:0px;--awb-border-radius-top-right:0px;--awb-border-radius-bottom-right:0px;--awb-border-radius-bottom-left:0px;--awb-flex-wrap:wrap;\" ><div class=\"fusion-builder-row fusion-row fusion-flex-align-items-flex-start fusion-flex-content-wrap\" style=\"max-width:calc( 960px + );margin-left: calc(- \/ 2 );margin-right: calc(- \/ 2 );\"><div class=\"fusion-layout-column fusion_builder_column fusion-builder-column-5 fusion_builder_column_1_1 1_1 fusion-flex-column\" style=\"--awb-bg-size:cover;--awb-width-large:100%;--awb-margin-top-large:0px;--awb-margin-bottom-large:20px;--awb-width-medium:100%;--awb-order-medium:0;--awb-width-small:100%;--awb-order-small:0;\"><div class=\"fusion-column-wrapper fusion-column-has-shadow fusion-flex-justify-content-flex-start fusion-content-layout-column\"><div class=\"fusion-text fusion-text-7\" style=\"--awb-text-transform:none;\"><hr style=\"color: #82a62b; border-size: 1px; border-style: dotted;\" \/>\n<p>\u0410\u043a\u0442\u0438 \u0421\u0430\u043b\u043e\u043d\u0438\u043a\u0438\u043e\u0443 \u0458\u0435 \u043f\u043e\u0434\u0440\u0443\u0447\u0458\u0435 \u043e\u043a\u043e \u043f\u043b\u0430\u0436\u0435 \u0421\u0430\u043b\u043e\u043d\u0438\u043a\u0438\u043e\u0443 \u043d\u0430 \u0441\u0435\u0432\u0435\u0440\u043e\u0438\u0441\u0442\u043e\u0447\u043d\u043e\u0458 \u043e\u0431\u0430\u043b\u0438 \u0421\u0438\u0442\u043e\u043d\u0438\u0458\u0435, \u0438\u0437\u043c\u0435\u0452\u0443 \u041e\u0440\u043c\u043e\u0441 \u041f\u0430\u043d\u0430\u0433\u0438\u0430\u0441 \u0438 \u041f\u0438\u0440\u0433\u0430\u0434\u0438\u043a\u0438\u0430.<br \/>\u041d\u0430\u0458\u0431\u043b\u0438\u0436\u0435 \u0441\u0435\u043b\u0430 \u0441\u0443 \u041c\u0435\u0442\u0430\u043d\u0433\u0438\u0442\u0441\u0438 (4 \u043a\u043c, \u0443 \u043f\u043b\u0430\u043d\u0438\u043d\u0438), \u041f\u0438\u0440\u0433\u0430\u0434\u0438\u043a\u0438\u0430 (5 \u043a\u043c) \u0438 \u0410\u0433\u0438\u043e\u0441 \u041d\u0438\u043a\u043e\u043b\u0430\u043e\u0441 (5 \u043a\u043c).<\/p>\n<hr style=\"color: #82a62b; border-size: 1px; border-style: dotted;\" \/>\n<blockquote>\n<p>\u041f\u043b\u0430\u0436\u0430: 80\u043c, \u0414\u043e\u043c \u0437\u0434\u0440\u0430\u0432\u0459\u0430: 6\u043a\u043c, \u0430\u0435\u0440\u043e\u0434\u0440\u043e\u043c \u0421\u043e\u043b\u0443\u043d: 100\u043a\u043c<\/p>\n<\/blockquote>\n<\/div><div class=\"fusion-image-element \" style=\"--awb-caption-title-font-family:var(--h2_typography-font-family);--awb-caption-title-font-weight:var(--h2_typography-font-weight);--awb-caption-title-font-style:var(--h2_typography-font-style);--awb-caption-title-size:var(--h2_typography-font-size);--awb-caption-title-transform:var(--h2_typography-text-transform);--awb-caption-title-line-height:var(--h2_typography-line-height);--awb-caption-title-letter-spacing:var(--h2_typography-letter-spacing);\"><span class=\" fusion-imageframe imageframe-none imageframe-1 hover-type-none\"><a class=\"fusion-no-lightbox\" href=\"https:\/\/www.google.com\/maps\/place\/Akti-S\/@40.2937154,23.6896132,883m\/data=!3m2!1e3!4b1!4m5!3m4!1s0x14a89417dffac23d:0x3ec79b9c63c6149d!8m2!3d40.2935582!4d23.6918335?authuser=1%20rel=\" target=\"_blank\" aria-label=\"akti salonikiou on google maps\" rel=\"noopener noreferrer\"><img decoding=\"async\" width=\"1024\" height=\"559\" alt=\"Akti-S on google maps\" src=\"https:\/\/akti-s.gr\/wp-content\/uploads\/2021\/11\/akti-salonikiou-on-google-maps.jpg\" class=\"img-responsive wp-image-949\" srcset=\"https:\/\/akti-s.gr\/wp-content\/uploads\/2021\/11\/akti-salonikiou-on-google-maps-200x109.jpg 200w, https:\/\/akti-s.gr\/wp-content\/uploads\/2021\/11\/akti-salonikiou-on-google-maps-400x218.jpg 400w, https:\/\/akti-s.gr\/wp-content\/uploads\/2021\/11\/akti-salonikiou-on-google-maps-600x328.jpg 600w, https:\/\/akti-s.gr\/wp-content\/uploads\/2021\/11\/akti-salonikiou-on-google-maps-800x437.jpg 800w, https:\/\/akti-s.gr\/wp-content\/uploads\/2021\/11\/akti-salonikiou-on-google-maps.jpg 1024w\" sizes=\"1024px\" \/><\/a><\/span><\/div><\/div><\/div><\/div><\/div><\/p>\n","protected":false},"excerpt":{"rendered":"","protected":false},"author":1,"featured_media":1025,"parent":0,"menu_order":0,"comment_status":"closed","ping_status":"closed","template":"","meta":{"footnotes":""},"class_list":["post-1252","page","type-page","status-publish","has-post-thumbnail","hentry"],"_links":{"self":[{"href":"https:\/\/akti-s.gr\/ro\/wp-json\/wp\/v2\/pages\/1252","targetHints":{"allow":["GET"]}}],"collection":[{"href":"https:\/\/akti-s.gr\/ro\/wp-json\/wp\/v2\/pages"}],"about":[{"href":"https:\/\/akti-s.gr\/ro\/wp-json\/wp\/v2\/types\/page"}],"author":[{"embeddable":true,"href":"https:\/\/akti-s.gr\/ro\/wp-json\/wp\/v2\/users\/1"}],"replies":[{"embeddable":true,"href":"https:\/\/akti-s.gr\/ro\/wp-json\/wp\/v2\/comments?post=1252"}],"version-history":[{"count":0,"href":"https:\/\/akti-s.gr\/ro\/wp-json\/wp\/v2\/pages\/1252\/revisions"}],"wp:featuredmedia":[{"embeddable":true,"href":"https:\/\/akti-s.gr\/ro\/wp-json\/wp\/v2\/media\/1025"}],"wp:attachment":[{"href":"https:\/\/akti-s.gr\/ro\/wp-json\/wp\/v2\/media?parent=1252"}],"curies":[{"name":"wp","href":"https:\/\/api.w.org\/{rel}","templated":true}]}}