{"id":1014,"date":"2021-12-02T12:32:25","date_gmt":"2021-12-02T10:32:25","guid":{"rendered":"https:\/\/akti-s.gr\/sightseeing\/"},"modified":"2021-12-03T15:30:50","modified_gmt":"2021-12-03T13:30:50","slug":"sightseeing","status":"publish","type":"page","link":"https:\/\/akti-s.gr\/ro\/sightseeing\/","title":{"rendered":"Obiective turistice"},"content":{"rendered":"<div class=\"fusion-fullwidth fullwidth-box fusion-builder-row-1 fusion-flex-container nonhundred-percent-fullwidth non-hundred-percent-height-scrolling\" style=\"--awb-border-radius-top-left:0px;--awb-border-radius-top-right:0px;--awb-border-radius-bottom-right:0px;--awb-border-radius-bottom-left:0px;--awb-flex-wrap:wrap;\" ><div class=\"fusion-builder-row fusion-row fusion-flex-align-items-flex-start fusion-flex-content-wrap\" style=\"max-width:calc( 960px + );margin-left: calc(- \/ 2 );margin-right: calc(- \/ 2 );\"><div class=\"fusion-layout-column fusion_builder_column fusion-builder-column-0 fusion_builder_column_1_1 1_1 fusion-flex-column\" style=\"--awb-bg-size:cover;--awb-width-large:100%;--awb-margin-top-large:0px;--awb-margin-bottom-large:0px;--awb-width-medium:100%;--awb-width-small:100%;\"><div class=\"fusion-column-wrapper fusion-flex-justify-content-flex-start fusion-content-layout-column\"><div class=\"fusion-text fusion-text-1\" style=\"--awb-text-transform:none;\"><h3>\u00a0<div class=\"fusion-fa-align-left\"><i class=\"fb-icon-element-1 fb-icon-element fontawesome-icon fa-angle-right fas circle-no\" style=\"--awb-iconcolor:#7aa218;--awb-iconcolor-hover:#7aa218;--awb-font-size:30px;--awb-margin-right:2%;\"><\/i><\/div> Sithonia \u2013 o destina\u0163ie pentru toate gusturile!<\/h3>\n<hr style=\"color: #82a62b; border-size: 1px; border-style: dotted;\" \/>\n<p>Sithonia, vestit\u0103 pentru frumuse\u0163ea ei, este bra\u0163ul din mijloc al peninsulei Halkidiki. Se \u00eentinde \u00eentre Golful Toroneo \u015fi Golful Singhitiko, p\u00e2n\u0103 la Capul Drepano. Coasta Salonikiou, renumit\u0103 pentru apele sale, se g\u0103se\u015fte \u00een partea de nord-est a Sithoniei.<\/p>\n<p><img decoding=\"async\" class=\"alignnone size-full wp-image-232\" src=\"https:\/\/akti-s.gr\/wp-content\/uploads\/2021\/11\/chalkidiki-mountains-by-the-sea-sightseeing.jpg\" alt=\"sea from a mountin of Chalkidiki\" width=\"600\" height=\"169\" srcset=\"https:\/\/akti-s.gr\/wp-content\/uploads\/2021\/11\/chalkidiki-mountains-by-the-sea-sightseeing-200x56.jpg 200w, https:\/\/akti-s.gr\/wp-content\/uploads\/2021\/11\/chalkidiki-mountains-by-the-sea-sightseeing-300x85.jpg 300w, https:\/\/akti-s.gr\/wp-content\/uploads\/2021\/11\/chalkidiki-mountains-by-the-sea-sightseeing-400x113.jpg 400w, https:\/\/akti-s.gr\/wp-content\/uploads\/2021\/11\/chalkidiki-mountains-by-the-sea-sightseeing.jpg 600w\" sizes=\"(max-width: 600px) 100vw, 600px\" \/><\/p>\n<p>Legenda spune c\u0103 Sithonia a fost numit\u0103 astfel dup\u0103 \u00eemp\u0103ratului tribului tracic al Odomandizilor \u2013 Sithon, fiu al zeului Poseidon \u015fi al Ossei. Istoria Sithoniei \u00eencepe din antichitate \u015fi continu\u0103 p\u00e2n\u0103 \u00een zilele noastre, motiv pentru care vizitatorii pot vedea monumente din diverse perioade istorice.<\/p>\n<p><img decoding=\"async\" class=\"alignnone size-full wp-image-233\" src=\"https:\/\/akti-s.gr\/wp-content\/uploads\/2021\/11\/Nikiti-a-vilage-of-chalkidiki.jpg\" alt=\"\" width=\"600\" height=\"160\" srcset=\"https:\/\/akti-s.gr\/wp-content\/uploads\/2021\/11\/Nikiti-a-vilage-of-chalkidiki-200x53.jpg 200w, https:\/\/akti-s.gr\/wp-content\/uploads\/2021\/11\/Nikiti-a-vilage-of-chalkidiki-300x80.jpg 300w, https:\/\/akti-s.gr\/wp-content\/uploads\/2021\/11\/Nikiti-a-vilage-of-chalkidiki-400x107.jpg 400w, https:\/\/akti-s.gr\/wp-content\/uploads\/2021\/11\/Nikiti-a-vilage-of-chalkidiki.jpg 600w\" sizes=\"(max-width: 600px) 100vw, 600px\" \/><\/p>\n<p>Regiunea este caracterizat\u0103 prin prezen\u0163a multor peisaje minunate, cu sate pitore\u015fti de munte \u015fi cu zone bine dezvoltate din punct de vedere turistic, \u015fi ofera vizitatorilor s\u0103i ocazia de a vedea a\u015fez\u0103ri vechi (ca de exemplu la Toroni), sta\u0163iuni cosmopolite \u00eentr-o \u00eenl\u0103n\u0163uire de golfuri micu\u0163e (de ex. sta\u0163iunea Marmaras), loca\u0163ii de cazare luxoase \u015fi a\u015fezari din epoca medievala (de ex. Nikiti).<\/p>\n<p>Pie\u0163e cochete, biserici din perioada bizantin\u0103 \u015fi monumente antice, plaje cu ap\u0103 de un albastru incredibil, toate acestea alc\u0103tuiesc o palet\u0103 magic\u0103 cu experien\u0163e de neuitat pentru vizitatori.<br \/>\nCadrul natural al bra\u0163ului Sithonia este, de asemenea, un element magic care farmec\u0103 vizitatorii. Cr\u00e2nguri de pin dense \u015fi r\u0103coroase duc c\u0103tre plaje deosebit de frumoase, cea mai mare parte a acestei regiuni r\u0103m\u00e2n\u00e2nd neschimbat\u0103 de amprenta uman\u0103 ceea ce face ca turi\u015ftii s\u0103 se poat\u0103 aventura \u00een drume\u0163ii unice, dinspre mare \u00eenspre muntele acoperit de vegeta\u0163ie bogat\u0103, printre p\u00e2raie, lacuri \u015fi peisaje de o frumuse\u0163e de neegalat.<\/p>\n<p>Toate aceste atrac\u0163ii de interes turistic se g\u0103sesc la mic\u0103 distan\u0163\u0103 una de alta \u015fi un tur al Sithoniei cu siguran\u0163\u0103 merit\u0103 facut pentru a se profita din plin de frumuse\u0163ea acestui loc.<\/p>\n<h3>\u00a0<div class=\"fusion-fa-align-left\"><i class=\"fb-icon-element-2 fb-icon-element fontawesome-icon fa-angle-right fas circle-no\" style=\"--awb-iconcolor:#7aa218;--awb-iconcolor-hover:#7aa218;--awb-font-size:30px;--awb-margin-right:2%;\"><\/i><\/div> Prin urmare suger\u0103m:<\/h3>\n<hr style=\"color: #82a62b; border-size: 1px; border-style: dotted;\" \/>\n<p>O vizit\u0103 \u00een satul pitoresc Aghios Nikolaos \u015fi la Pirgos, \u00een pia\u0163eta c\u0103ruia se poate savura o cafea sau un rachiu local.<\/p>\n<p><img decoding=\"async\" class=\"alignnone wp-image-234 size-full\" src=\"https:\/\/akti-s.gr\/wp-content\/uploads\/2021\/11\/chalkidiki-places-to-enjoy-lunch-coffe-breakfast.jpg\" alt=\"A public square with coffee stores\" width=\"600\" height=\"160\" srcset=\"https:\/\/akti-s.gr\/wp-content\/uploads\/2021\/11\/chalkidiki-places-to-enjoy-lunch-coffe-breakfast-200x53.jpg 200w, https:\/\/akti-s.gr\/wp-content\/uploads\/2021\/11\/chalkidiki-places-to-enjoy-lunch-coffe-breakfast-300x80.jpg 300w, https:\/\/akti-s.gr\/wp-content\/uploads\/2021\/11\/chalkidiki-places-to-enjoy-lunch-coffe-breakfast-400x107.jpg 400w, https:\/\/akti-s.gr\/wp-content\/uploads\/2021\/11\/chalkidiki-places-to-enjoy-lunch-coffe-breakfast.jpg 600w\" sizes=\"(max-width: 600px) 100vw, 600px\" \/><\/p>\n<hr style=\"color: #82a62b; border-size: 1px; border-style: dotted;\" \/>\n<p>Drume\u0163ie \u00een vechea a\u015fezare Nikiti \u015fi o vizit\u0103 a bisericii bizantine a Sf. Nikita, biseric\u0103 construit\u0103 \u00een sec. al XIV-lea d. H.<\/p>\n<p><img decoding=\"async\" class=\"alignnone size-full wp-image-233\" src=\"https:\/\/akti-s.gr\/wp-content\/uploads\/2021\/11\/Nikiti-a-vilage-of-chalkidiki.jpg\" alt=\"Nikiti village\" width=\"600\" height=\"160\" srcset=\"https:\/\/akti-s.gr\/wp-content\/uploads\/2021\/11\/Nikiti-a-vilage-of-chalkidiki-200x53.jpg 200w, https:\/\/akti-s.gr\/wp-content\/uploads\/2021\/11\/Nikiti-a-vilage-of-chalkidiki-300x80.jpg 300w, https:\/\/akti-s.gr\/wp-content\/uploads\/2021\/11\/Nikiti-a-vilage-of-chalkidiki-400x107.jpg 400w, https:\/\/akti-s.gr\/wp-content\/uploads\/2021\/11\/Nikiti-a-vilage-of-chalkidiki.jpg 600w\" sizes=\"(max-width: 600px) 100vw, 600px\" \/><\/p>\n<hr style=\"color: #82a62b; border-size: 1px; border-style: dotted;\" \/>\n<p>Drume\u0163ii c\u0103tre plajele din vecin\u0103tate pentru o baie in mare. Sunt at\u00e2t de multe plajele \u00een Sithonia \u00eenc\u00e2t ar fi greu s\u0103 le men\u0163ion\u0103m pe toate iar Coasta Salonikiou este de departe una dintre cele mai frumoase plaje.<br \/>\n<img decoding=\"async\" class=\"alignnone size-full wp-image-240\" src=\"https:\/\/akti-s.gr\/wp-content\/uploads\/2021\/11\/chlkidiki-outdoor-sports-water-sports-adventures.jpg\" alt=\"A diver into deep blue waters\" width=\"600\" height=\"160\" srcset=\"https:\/\/akti-s.gr\/wp-content\/uploads\/2021\/11\/chlkidiki-outdoor-sports-water-sports-adventures-200x53.jpg 200w, https:\/\/akti-s.gr\/wp-content\/uploads\/2021\/11\/chlkidiki-outdoor-sports-water-sports-adventures-300x80.jpg 300w, https:\/\/akti-s.gr\/wp-content\/uploads\/2021\/11\/chlkidiki-outdoor-sports-water-sports-adventures-400x107.jpg 400w, https:\/\/akti-s.gr\/wp-content\/uploads\/2021\/11\/chlkidiki-outdoor-sports-water-sports-adventures.jpg 600w\" sizes=\"(max-width: 600px) 100vw, 600px\" \/><\/p>\n<hr style=\"color: #82a62b; border-size: 1px; border-style: dotted;\" \/>\n<p>\u00cen Golful Muntelui Athos se g\u0103se\u015fte \u015fi insula Ammouliani, la fel de renumit\u0103 pentru frumuse\u0163ea ei \u015fi a apelor sale, ca de altfel \u00eentreaga Peninsul\u0103 Halkidiki.<\/p>\n<h3>\u00a0<div class=\"fusion-fa-align-left\"><i class=\"fb-icon-element-3 fb-icon-element fontawesome-icon fa-angle-right fas circle-no\" style=\"--awb-iconcolor:#7aa218;--awb-iconcolor-hover:#7aa218;--awb-font-size:30px;--awb-margin-right:2%;\"><\/i><\/div> Muntele Athos<\/h3>\n<hr style=\"color: #82a62b; border-size: 1px; border-style: dotted;\" \/>\n<p><img decoding=\"async\" class=\"alignnone size-full wp-image-237\" src=\"https:\/\/akti-s.gr\/wp-content\/uploads\/2021\/11\/mount-athos-orthodox-monasteries.jpg\" alt=\"Chalkidiki Mounth Athos Grigoriou Monastery\" width=\"600\" height=\"160\" srcset=\"https:\/\/akti-s.gr\/wp-content\/uploads\/2021\/11\/mount-athos-orthodox-monasteries-200x53.jpg 200w, https:\/\/akti-s.gr\/wp-content\/uploads\/2021\/11\/mount-athos-orthodox-monasteries-300x80.jpg 300w, https:\/\/akti-s.gr\/wp-content\/uploads\/2021\/11\/mount-athos-orthodox-monasteries-400x107.jpg 400w, https:\/\/akti-s.gr\/wp-content\/uploads\/2021\/11\/mount-athos-orthodox-monasteries.jpg 600w\" sizes=\"(max-width: 600px) 100vw, 600px\" \/><\/p>\n<p>Una dintre cele mai interesante excursii din Sithonia este croaziera c\u0103tre Muntele Athos, cu vase care pleac\u0103 din Portul Panagia, fac un tur al bra\u0163ului pe care se g\u0103se\u015fte Muntele Athos, \u00eendrept\u00e2ndu-se apoi c\u0103tre insuli\u0163ele din Vourvourous pentru \u00eenot \u015fi scufund\u0103ri.<br \/>\nStatul monastic al Muntelui Athos, numit \u015fi Muntele Sf\u00e2nt se g\u0103se\u015fte pe cel de-al treilea bra\u0163 al Peninsulei Halkidiki \u015fi este un stat monastic autonom unic.<\/p>\n<p><img decoding=\"async\" class=\"alignnone size-full wp-image-238\" src=\"https:\/\/akti-s.gr\/wp-content\/uploads\/2021\/11\/mount-athos-orthodox-panteleimonos-russian-monastery.jpg\" alt=\"Russian monastery Athos\" width=\"600\" height=\"166\" srcset=\"https:\/\/akti-s.gr\/wp-content\/uploads\/2021\/11\/mount-athos-orthodox-panteleimonos-russian-monastery-200x55.jpg 200w, https:\/\/akti-s.gr\/wp-content\/uploads\/2021\/11\/mount-athos-orthodox-panteleimonos-russian-monastery-300x83.jpg 300w, https:\/\/akti-s.gr\/wp-content\/uploads\/2021\/11\/mount-athos-orthodox-panteleimonos-russian-monastery-400x111.jpg 400w, https:\/\/akti-s.gr\/wp-content\/uploads\/2021\/11\/mount-athos-orthodox-panteleimonos-russian-monastery.jpg 600w\" sizes=\"(max-width: 600px) 100vw, 600px\" \/><\/p>\n<p>Primele m\u0103n\u0103stiri de pe Muntele Athos dateaz\u0103 de acum aproximativ 1200 de ani, \u00een jur de anul 850 dup\u0103 Hristos.<br \/>\nPe acest bra\u0163 al peninsulei se \u00eenal\u0163\u0103, \u00een afar\u0103 de complexul de m\u0103n\u0103stiri unde este interzis accesului femeilor, \u015fi impun\u0103torul Munte Athos ce reprezint\u0103 o priveli\u015fte impresionant\u0103 v\u0103zut din vecin\u0103tate, de pe Bra\u0163ul Sithonia, de care este legat prin Istmul lui Xerxes.<\/p>\n<hr style=\"color: #82a62b; border-size: 1px; border-style: dotted;\" \/>\n<h3>\u00a0<div class=\"fusion-fa-align-left\"><i class=\"fb-icon-element-4 fb-icon-element fontawesome-icon fa-angle-right fas circle-no\" style=\"--awb-iconcolor:#7aa218;--awb-iconcolor-hover:#7aa218;--awb-font-size:30px;--awb-margin-right:2%;\"><\/i><\/div> TMerit\u0103, de asemenea, s\u0103 vizita\u0163i:<\/h3>\n<p>Staghira, un sat foarte frumos din sudul Peninsulei Halkidiki, la aproximativ 50 km de resort nostru, este locul \u00een care s-a n\u0103scut Aristotel, unul dintre cei mai de seam\u0103 filosofi greci din perioada antic\u0103.<\/p>\n<p><img decoding=\"async\" class=\"alignnone size-full wp-image-243\" src=\"https:\/\/akti-s.gr\/wp-content\/uploads\/2021\/11\/chlkidiki-stageira-the-land-of-aristoteles.jpg\" alt=\"Stageira the land of Aristoteles\" width=\"600\" height=\"160\" srcset=\"https:\/\/akti-s.gr\/wp-content\/uploads\/2021\/11\/chlkidiki-stageira-the-land-of-aristoteles-200x53.jpg 200w, https:\/\/akti-s.gr\/wp-content\/uploads\/2021\/11\/chlkidiki-stageira-the-land-of-aristoteles-300x80.jpg 300w, https:\/\/akti-s.gr\/wp-content\/uploads\/2021\/11\/chlkidiki-stageira-the-land-of-aristoteles-400x107.jpg 400w, https:\/\/akti-s.gr\/wp-content\/uploads\/2021\/11\/chlkidiki-stageira-the-land-of-aristoteles.jpg 600w\" sizes=\"(max-width: 600px) 100vw, 600px\" \/><\/p>\n<hr style=\"color: #82a62b; border-size: 1px; border-style: dotted;\" \/>\n<p>La aproximativ 50 km se g\u0103se\u015fte Pe\u015ftera Petralona, cu o valoare antropologic\u0103 de net\u0103g\u0103duit! Aici au fost descoperite r\u0103m\u0103\u015fi\u0163e ale omului preistoric din Petralona (Homo Sapiens) ce dateaz\u0103 cu 700. 000 de ani \u00eenaintea vechilor europeni.<\/p>\n<p><img decoding=\"async\" class=\"alignnone size-full wp-image-239\" src=\"https:\/\/akti-s.gr\/wp-content\/uploads\/2021\/11\/petralona-cave.jpg\" alt=\"Petralona cave\" width=\"600\" height=\"160\" srcset=\"https:\/\/akti-s.gr\/wp-content\/uploads\/2021\/11\/petralona-cave-200x53.jpg 200w, https:\/\/akti-s.gr\/wp-content\/uploads\/2021\/11\/petralona-cave-300x80.jpg 300w, https:\/\/akti-s.gr\/wp-content\/uploads\/2021\/11\/petralona-cave-400x107.jpg 400w, https:\/\/akti-s.gr\/wp-content\/uploads\/2021\/11\/petralona-cave.jpg 600w\" sizes=\"(max-width: 600px) 100vw, 600px\" \/><\/p>\n<hr style=\"color: #82a62b; border-size: 1px; border-style: dotted;\" \/>\n<p>Per total, Bra\u0163ul Sithonia este destina\u0163ia ideal\u0103 de vacan\u0163\u0103, iar Coasta Salonikiou reprezint\u0103 un punct de atrac\u0163ie pentru iubitorii de excursii \u015fi drume\u0163ii.<\/p>\n<\/div><\/div><\/div><\/div><\/div>\n","protected":false},"excerpt":{"rendered":"","protected":false},"author":1,"featured_media":933,"parent":0,"menu_order":0,"comment_status":"closed","ping_status":"closed","template":"","meta":{"footnotes":""},"class_list":["post-1014","page","type-page","status-publish","has-post-thumbnail","hentry"],"_links":{"self":[{"href":"https:\/\/akti-s.gr\/ro\/wp-json\/wp\/v2\/pages\/1014","targetHints":{"allow":["GET"]}}],"collection":[{"href":"https:\/\/akti-s.gr\/ro\/wp-json\/wp\/v2\/pages"}],"about":[{"href":"https:\/\/akti-s.gr\/ro\/wp-json\/wp\/v2\/types\/page"}],"author":[{"embeddable":true,"href":"https:\/\/akti-s.gr\/ro\/wp-json\/wp\/v2\/users\/1"}],"replies":[{"embeddable":true,"href":"https:\/\/akti-s.gr\/ro\/wp-json\/wp\/v2\/comments?post=1014"}],"version-history":[{"count":0,"href":"https:\/\/akti-s.gr\/ro\/wp-json\/wp\/v2\/pages\/1014\/revisions"}],"wp:featuredmedia":[{"embeddable":true,"href":"https:\/\/akti-s.gr\/ro\/wp-json\/wp\/v2\/media\/933"}],"wp:attachment":[{"href":"https:\/\/akti-s.gr\/ro\/wp-json\/wp\/v2\/media?parent=1014"}],"curies":[{"name":"wp","href":"https:\/\/api.w.org\/{rel}","templated":true}]}}